{"id":249,"date":"2024-02-12T17:11:43","date_gmt":"2024-02-12T16:11:43","guid":{"rendered":"https:\/\/petition.bertaeins.ch\/startseite\/"},"modified":"2025-03-19T09:44:27","modified_gmt":"2025-03-19T08:44:27","slug":"startseite","status":"publish","type":"page","link":"https:\/\/petition.bertaeins.ch\/fr\/","title":{"rendered":"NON \u00e0 \u00ab Nom de la p\u00e9tition \u00bb"},"content":{"rendered":"\n    <section class=\"darum-gehts-block section-bg-block\" id=\"\">\n        <div class=\"block-bg light_secondary_color\"><\/div>\n\n        <div class=\"darum-gehts-block-content\">\n            \n            <div class=\"text-block full visibleInBackend\">\n                                    <p class=\"block-subtitle\">NON \u00e0 \u00ab Nom de la p\u00e9tition \u00bb<\/p>\n                \n                                    <h2 class=\"block-title\">C&rsquo;est de cela qu&rsquo;il s&rsquo;agit<\/h2>\n                \n                                    <div class=\"simple-text-block\">\n                        <p>Lorem ipsum dolor sit amet, consectetuer adipiscing elit. Aenean commodo ligula eget dolor. Aenean massa. Cum sociis natoque penatibus et magnis dis parturient montes, nascetur ridiculus mus. Donec quam felis, ultricies nec, pellentesque eu, pretium quis, sem. Nulla consequat massa quis enim. Donec pede justo, fringilla vel, aliquet nec, vulputate eget, arcu. In enim justo, rhoncus ut, imperdiet a, venenatis vitae, justo. Nullam dictum felis eu pede mollis pretium. Integer tincidunt. Cras dapibus. Vivamus elementum semper nisi. Aenean vulputate eleifend tellus. Aenean leo ligula, porttitor eu, consequat vitae, eleifend ac, enim. Aliquam lorem ante, dapibus in, viverra quis, feugiat a, tellus. Phasellus viverra nulla ut metus varius laoreet. Quisque rutrum. Aenean imperdiet. Etiam ultricies nisi vel augue. Cu<\/p>\n                    <\/div>\n                \n                \n                            <\/div>\n        <\/div>\n    <\/section>\n\n    <script>\n        var controller = new ScrollMagic.Controller();\n\n        new ScrollMagic.Scene({\n            triggerElement: \".darum-gehts-block .text-block\",\n            triggerHook: 0.8,\n            offset: 0\n        })\n            .setClassToggle(\".darum-gehts-block .text-block\", \"visibleBlock\")\n            .addTo(controller);\n\n        new ScrollMagic.Scene({\n            triggerElement: \".darum-gehts-block .media-block\",\n            triggerHook: 0.8,\n            offset: 0\n        })\n            .setClassToggle(\".darum-gehts-block .media-block\", \"visibleBlock\")\n            .addTo(controller);\n    <\/script>\n\n\n\n\n            <section class=\"accordion-block section-bg-block\" id=\"\">\n            <div class=\"block-bg light_secondary_color\"><\/div>\n\n            <div class=\"container-mini\">\n                <div class=\"accordion\">\n                                            <div class=\"accordion-item-wrapper\">\n                            <div class=\"accordion-title-wrapper\" data-id=\"0\">\n                                <h3 class=\"mb_0 text-white\">Raison 1<\/h3>\n                            <\/div>\n\n                            <div class=\"accordion-content-wrapper\" data-id=\"0\">\n                                                                    <div class=\"simple-text-block\">\n                                        <p>Avec un peu de texte en blanc<\/p>\n                                    <\/div>\n                                                            <\/div>\n                        <\/div>\n                                            <div class=\"accordion-item-wrapper\">\n                            <div class=\"accordion-title-wrapper\" data-id=\"1\">\n                                <h3 class=\"mb_0 text-white\">Raison 2<\/h3>\n                            <\/div>\n\n                            <div class=\"accordion-content-wrapper\" data-id=\"1\">\n                                                                    <div class=\"simple-text-block\">\n                                        <p>Avec un peu de texte en blanc<\/p>\n                                    <\/div>\n                                                            <\/div>\n                        <\/div>\n                                    <\/div>\n\n            <\/div>\n        <\/section>\n\n        <script>\n            var controller = new ScrollMagic.Controller();\n\n            new ScrollMagic.Scene({\n                triggerElement: \".accordion-block\",\n                triggerHook: 0.8,\n                offset: 0\n            })\n                .setClassToggle(\".accordion-block\", \"visibleBlock\")\n                .addTo(controller);\n        <\/script>\n    \n\n\n\n\n\n\n    <section class=\"petition-block section-bg-block\" id=\"petition\">\n        <div class=\"block-bg light_secondary_color\"><\/div>\n\n        <div class=\"row\">\n            <div class=\"col-md-12\">\n                                    <div class=\"title-block-wrapper visibleInBackend\">\n                        <div class=\"title-block-wrapper-center\">\n                                                            <p class=\"block-subtitle text-center\">Tu n&rsquo;es pas pr\u00eat, \u00ab raison qui parle en faveur de la p\u00e9tition \u00bb ? Alors engage-toi !<\/p>\n                            \n                                                            <h2 class=\"block-title text-center\">NON \u00e0 \u00ab Nom de la p\u00e9tition<\/h2>\n                                                    <\/div>\n                    <\/div>\n                            <\/div>\n        <\/div>\n        <div class=\"row\">\n            <div class=\"col-md-7\">\n                                    <div class=\"form no_bg visibleInBackend\">\n                        <div class=\"frm_forms \" id=\"frm_form_36_container\" >\n<form enctype=\"multipart\/form-data\" method=\"post\" class=\"frm-show-form  frm_pro_form \" id=\"form_petition-form-de88d931f524b5b33b10b2a4e35948a22\" >\n<div class=\"frm_form_fields \">\n<fieldset>\n<legend class=\"frm_screen_reader\">Petition FR<\/legend>\r\n\r\n<div class=\"frm_fields_container\">\n<input type=\"hidden\" name=\"frm_action\" value=\"create\" \/>\n<input type=\"hidden\" name=\"form_id\" value=\"36\" \/>\n<input type=\"hidden\" name=\"frm_hide_fields_36\" id=\"frm_hide_fields_36\" value=\"\" \/>\n<input type=\"hidden\" name=\"form_key\" value=\"petition-form-de88d931f524b5b33b10b2a4e35948a22\" \/>\n<input type=\"hidden\" name=\"item_meta[0]\" value=\"\" \/>\n<input type=\"hidden\" id=\"frm_submit_entry_36\" name=\"frm_submit_entry_36\" value=\"286d2e1baa\" \/><input type=\"hidden\" name=\"_wp_http_referer\" value=\"\/fr\/wp-json\/wp\/v2\/pages\/249\" \/><div id=\"frm_field_473_container\" class=\"frm_form_field form-field  frm_required_field frm_top_container form-select form-anrede\">\r\n    <label for=\"field_anrede-fieldcdea14c9b548c7879fb82\" id=\"field_anrede-fieldcdea14c9b548c7879fb82_label\" class=\"frm_primary_label\">Salutation\r\n        <span class=\"frm_required\">*<\/span>\r\n    <\/label>\r\n    \t\t<select name=\"item_meta[473]\" id=\"field_anrede-fieldcdea14c9b548c7879fb82\"  data-placeholder=\"Salutation*\"  placeholder=\"Salutation*\" data-reqmsg=\"Ce champ ne doit pas \u00eatre vide.\" aria-required=\"true\" data-invmsg=\"Salutation is invalid\" aria-invalid=\"false\"  >\n\t\t<option  class=\"frm-select-placeholder\" value=\"\" data-placeholder=\"true\">Salutation*<\/option><option  value=\"Monsieur\">Monsieur<\/option><option  value=\"Madame\">Madame<\/option>\t<\/select>\n\t\r\n    \r\n    \r\n<\/div>\n<div id=\"frm_field_474_container\" class=\"frm_form_field form-field  frm_required_field frm_top_container frm_half form-vorname\">\r\n    <label for=\"field_vorname-field45df4db861849816b4882\" id=\"field_vorname-field45df4db861849816b4882_label\" class=\"frm_primary_label\">Pr\u00e9nom\r\n        <span class=\"frm_required\">*<\/span>\r\n    <\/label>\r\n    <input type=\"text\" id=\"field_vorname-field45df4db861849816b4882\" name=\"item_meta[474]\" value=\"\"  placeholder=\"Pr\u00e9nom*\" data-reqmsg=\"Ce champ ne doit pas \u00eatre vide.\" aria-required=\"true\" data-invmsg=\"Name ist ung\u00fcltig\" aria-invalid=\"false\"  \/>\r\n    \r\n    \r\n<\/div>\n<div id=\"frm_field_475_container\" class=\"frm_form_field form-field  frm_required_field frm_top_container frm_half form-nachname\">\r\n    <label for=\"field_nachname-fieldb5bc84a9f0ca65bd95282\" id=\"field_nachname-fieldb5bc84a9f0ca65bd95282_label\" class=\"frm_primary_label\">Nom\r\n        <span class=\"frm_required\">*<\/span>\r\n    <\/label>\r\n    <input type=\"text\" id=\"field_nachname-fieldb5bc84a9f0ca65bd95282\" name=\"item_meta[475]\" value=\"\"  placeholder=\"Nom*\" data-reqmsg=\"Ce champ ne doit pas \u00eatre vide.\" aria-required=\"true\" data-invmsg=\"Last ist ung\u00fcltig\" aria-invalid=\"false\"  \/>\r\n    \r\n    \r\n<\/div>\n<div id=\"frm_field_476_container\" class=\"frm_form_field form-field  frm_required_field frm_top_container form-email frm6 frm_first\">\r\n    <label for=\"field_email-field4a51f4c8cc562bafbaad2\" id=\"field_email-field4a51f4c8cc562bafbaad2_label\" class=\"frm_primary_label\">E-mail\r\n        <span class=\"frm_required\">*<\/span>\r\n    <\/label>\r\n    <input type=\"email\" id=\"field_email-field4a51f4c8cc562bafbaad2\" name=\"item_meta[476]\" value=\"\"  placeholder=\"E-mail*\" data-reqmsg=\"Ce champ ne doit pas \u00eatre vide.\" aria-required=\"true\" data-invmsg=\"L&#039;E-mail est invalide.\" aria-invalid=\"false\"  \/>\r\n    \r\n    \r\n<\/div>\n<div id=\"frm_field_665_container\" class=\"frm_form_field form-field  frm_top_container frm6\">\r\n\t<label for=\"field_plz-erter\" id=\"field_plz-erter_label\" class=\"frm_primary_label\">Code postal\r\n\t\t<span class=\"frm_required\" aria-hidden=\"true\"><\/span>\r\n\t<\/label>\r\n\t<input type=\"text\" id=\"field_plz-erter\" name=\"item_meta[665]\" value=\"\"  data-frmmask=\"9999\" data-invmsg=\"Code postal is invalid\" aria-invalid=\"false\" pattern=\"\\d\\d\\d\\d$\"  \/>\r\n\t\r\n\t\r\n<\/div>\n<div id=\"frm_field_661_container\" class=\"frm_form_field form-field  frm_required_field frm_top_container form_checkbox  form_checkbox_2 vertical_radio\">\r\n\t<div  id=\"field_newsletter_abonnieren-field89d36d80f447_label\" class=\"frm_primary_label\">S&rsquo;abonnner \u00e0 la newsletter\r\n\t\t<span class=\"frm_required\" aria-hidden=\"true\">*<\/span>\r\n\t<\/div>\r\n\t<div class=\"frm_opt_container\" aria-labelledby=\"field_newsletter_abonnieren-field89d36d80f447_label\" role=\"group\">\t\t<div class=\"frm_checkbox\" id=\"frm_checkbox_661-0\">\t\t\t<label  for=\"field_newsletter_abonnieren-field89d36d80f447-0\">\n\t\t\t<input type=\"checkbox\" name=\"item_meta[661][]\" id=\"field_newsletter_abonnieren-field89d36d80f447-0\" value=\"S&#039;abonnner \u00e0 la newsletter*\" checked=\"checked\"  data-frmval=\"[&quot;S&#039;abonnner \\u00e0 la newsletter*&quot;]\" data-reqmsg=\"Dieses Feld darf nicht leer sein.\" data-invmsg=\"S&#039;abonnner \u00e0 la newsletter is invalid\" aria-invalid=\"false\"   aria-required=\"true\"  \/> S&rsquo;abonnner \u00e0 la newsletter*<\/label><\/div>\n<\/div>\r\n\t\r\n\t\r\n<\/div>\n<div id=\"frm_field_477_container\" class=\"frm_form_field form-field  frm_required_field frm_top_container form_checkbox form_checkbox_req vertical_radio\">\r\n    <div  id=\"field_agree-field22bad835e9b2dcea2dec2_label\" class=\"frm_primary_label\">Par la pr\u00e9sente, j&rsquo;accepte les dispositions relatives \u00e0 la protection des donn\u00e9es.\r\n        <span class=\"frm_required\"><\/span>\r\n    <\/div>\r\n    <div class=\"frm_opt_container\" aria-labelledby=\"field_agree-field22bad835e9b2dcea2dec2_label\" role=\"group\">\t\t<div class=\"frm_checkbox\" id=\"frm_checkbox_477-0\">\t\t\t<label  for=\"field_agree-field22bad835e9b2dcea2dec2-0\">\n\t\t\t<input type=\"checkbox\" name=\"item_meta[477][]\" id=\"field_agree-field22bad835e9b2dcea2dec2-0\" value=\"Par la pr\u00e9sente, j&#039;accepte les &lt;a href=&quot;https:\/\/petition.bertaeins.ch\/fr\/datenschutz\/&quot;&gt;dispositions relatives \u00e0 la protection des donn\u00e9es&lt;\/a&gt;.*\"  data-reqmsg=\"Ce champ ne doit pas \u00eatre vide.\" data-invmsg=\"Par la pr\u00e9sente, j&#039;accepte les dispositions relatives \u00e0 la protection des donn\u00e9es. is invalid\" aria-invalid=\"false\"   aria-required=\"true\"  \/> Par la pr\u00e9sente, j&rsquo;accepte les <a href=\"https:\/\/petition.bertaeins.ch\/fr\/datenschutz\/\">dispositions relatives \u00e0 la protection des donn\u00e9es<\/a>.*<\/label><\/div>\n<\/div>\r\n    \r\n    \r\n<\/div>\n<div id=\"frm_field_478_container\" class=\"frm_form_field form-field  frm_top_container hidden_lang_field\">\r\n    <label for=\"field_formlang-field405bb6cc5a544476b9452\" id=\"field_formlang-field405bb6cc5a544476b9452_label\" class=\"frm_primary_label\">Lang\r\n        <span class=\"frm_required\"><\/span>\r\n    <\/label>\r\n    <input type=\"text\" id=\"field_formlang-field405bb6cc5a544476b9452\" name=\"item_meta[478]\" value=\"fr\"  data-frmval=\"fr\" data-invmsg=\"Text ist ung\u00fcltig\" aria-invalid=\"false\"  \/>\r\n    \r\n    \r\n<\/div>\n<input type=\"hidden\" name=\"item_meta[479]\" id=\"field_petition_member-2\" value=\"petition_member\"  data-frmval=\"petition_member\"   \/>\n<div id=\"frm_field_480_container\" class=\"frm_form_field form-field  frm_none_container\">\r\n    <label for=\"g-recaptcha-response\" id=\"field_w6zzn2_label\" class=\"frm_primary_label\">Captcha\r\n        <span class=\"frm_required\" aria-hidden=\"true\"><\/span>\r\n    <\/label>\r\n    <div  id=\"field_w6zzn2\" class=\"frm-g-recaptcha\" data-sitekey=\"6Lc7dIsqAAAAADdzJMpdoD2Ct_FXCR7zLSBqLA_h\" data-size=\"invisible\" data-theme=\"light\"><\/div>\r\n    \r\n    \r\n<\/div>\n<div id=\"frm_field_648_container\" class=\"frm_form_field form-field \">\r\n\t<div class=\"frm_submit\">\r\n\r\n<button class=\"frm_button_submit frm_final_submit\" type=\"submit\"   formnovalidate=\"formnovalidate\">Signer maintenant<\/button>\r\n\r\n<\/div>\r\n<\/div>\n\t<input type=\"hidden\" name=\"item_key\" value=\"\" \/>\n\t<input name=\"frm_state\" type=\"hidden\" value=\"OLIk56e9xB0akHOe+vJgOthixOfgDAVvmv0KgsKMuEU=\" \/><\/div>\n<\/fieldset>\n<\/div>\n<\/form>\n<\/div>\n                    <\/div>\n                            <\/div>\n\n            <div class=\"col-md-5\">\n                                                        <div class=\"petition-progress-supporters-graph-block visibleInBackend\">\n                        <div class=\"petition-progress-supporters-graph\" data-goal=\"1000\" data-currentvalue=\"1\" role=\"progressbar\" aria-valuemin=\"0\" aria-valuemax=\"130\" aria-valuenow=\"130\">\n                            <div class=\"petition-progress-supporters-graph-text\">\n                                <span>1<\/span>\n                                <span>von 1000<\/span>\n                                <span>Personen<\/span>\n                            <\/div>\n                        <\/div>\n\n                        <p class=\"notice\">\n                            1 Personen unterst\u00fctzen uns bereits mit ihrem Testimonial. Schaffen wir gemeinsam 1000?                        <\/p>\n                    <\/div>\n\n                    <div class=\"petition-progress-supporters-block visibleInBackend\">\n                        <div class=\"petition-progress-supporters-content\">\n                            <div class=\"petition-progress-supporters-title\">\n                                <p class=\"mb_0 my-small text-strong text-white\">Zuletzt unterzeichnet<\/p>\n                            <\/div>\n\n                            <div class=\"petition-progress-supporters\">\n                                                                                                            \n                                                                                                                        <div class=\"petition-supporter\">\n                                            <p class=\"mb_0\"><span class=\"my-small text-strong text-black\">Kestutis Z.<\/span> <span class=\"very-small\">vor 1 Jahr<\/span><\/p>\n                                        <\/div>\n                                                                                                <\/div>\n                        <\/div>\n                    <\/div>\n                            <\/div>\n        <\/div>\n    <\/section>\n\n    <script>\n        var controller = new ScrollMagic.Controller();\n\n\n        new ScrollMagic.Scene({\n            triggerElement: \".petition-block .title-block-wrapper\",\n            triggerHook: 0.8,\n            offset: 0\n        })\n            .setClassToggle(\".petition-block .title-block-wrapper\", \"visibleBlock\")\n            .addTo(controller);\n\n        new ScrollMagic.Scene({\n            triggerElement: \".petition-block .form\",\n            triggerHook: 0.8,\n            offset: 0\n        })\n            .setClassToggle(\".petition-block .form\", \"visibleBlock\")\n            .addTo(controller);\n\n        new ScrollMagic.Scene({\n            triggerElement: \".petition-block .petition-progress-supporters-graph-block\",\n            triggerHook: 0.8,\n            offset: 0\n        })\n            .setClassToggle(\".petition-block .petition-progress-supporters-graph-block\", \"visibleBlock\")\n            .addTo(controller);\n\n        new ScrollMagic.Scene({\n            triggerElement: \".petition-block .petition-progress-supporters-graph-block\",\n            triggerHook: 0.8,\n            offset: 0\n        })\n            .setClassToggle(\".petition-block .petition-progress-supporters-block, .petition-block .petition-progress-supporters-graph-block\", \"visibleBlock\")\n            .addTo(controller);\n    <\/script>\n\n","protected":false},"excerpt":{"rendered":"","protected":false},"author":1,"featured_media":349,"parent":0,"menu_order":0,"comment_status":"closed","ping_status":"closed","template":"","meta":{"_acf_changed":false,"inline_featured_image":false,"_themeisle_gutenberg_block_has_review":false,"footnotes":""},"class_list":["post-249","page","type-page","status-publish","has-post-thumbnail","hentry"],"acf":[],"_links":{"self":[{"href":"https:\/\/petition.bertaeins.ch\/fr\/wp-json\/wp\/v2\/pages\/249","targetHints":{"allow":["GET"]}}],"collection":[{"href":"https:\/\/petition.bertaeins.ch\/fr\/wp-json\/wp\/v2\/pages"}],"about":[{"href":"https:\/\/petition.bertaeins.ch\/fr\/wp-json\/wp\/v2\/types\/page"}],"author":[{"embeddable":true,"href":"https:\/\/petition.bertaeins.ch\/fr\/wp-json\/wp\/v2\/users\/1"}],"replies":[{"embeddable":true,"href":"https:\/\/petition.bertaeins.ch\/fr\/wp-json\/wp\/v2\/comments?post=249"}],"version-history":[{"count":58,"href":"https:\/\/petition.bertaeins.ch\/fr\/wp-json\/wp\/v2\/pages\/249\/revisions"}],"predecessor-version":[{"id":947,"href":"https:\/\/petition.bertaeins.ch\/fr\/wp-json\/wp\/v2\/pages\/249\/revisions\/947"}],"wp:featuredmedia":[{"embeddable":true,"href":"https:\/\/petition.bertaeins.ch\/fr\/wp-json\/wp\/v2\/media\/349"}],"wp:attachment":[{"href":"https:\/\/petition.bertaeins.ch\/fr\/wp-json\/wp\/v2\/media?parent=249"}],"curies":[{"name":"wp","href":"https:\/\/api.w.org\/{rel}","templated":true}]}}